{"id":16177,"date":"2022-07-08T10:49:44","date_gmt":"2022-07-08T08:49:44","guid":{"rendered":"https:\/\/smasli.com\/?page_id=16177"},"modified":"2026-03-19T13:17:55","modified_gmt":"2026-03-19T12:17:55","slug":"booking","status":"publish","type":"page","link":"https:\/\/smasli.com\/en\/booking\/","title":{"rendered":"Booking"},"content":{"rendered":"\t\t<div data-elementor-type=\"wp-page\" data-elementor-id=\"16177\" class=\"elementor elementor-16177\">\n\t\t\t\t\t\t<div class=\"elementor-inner\">\n\t\t\t\t<div class=\"elementor-section-wrap\">\n\t\t\t\t\t\t\t\t\t<section class=\"elementor-section elementor-top-section elementor-element elementor-element-cef08ce elementor-section-boxed elementor-section-height-default elementor-section-height-default\" data-id=\"cef08ce\" data-element_type=\"section\">\n\t\t\t\t\t\t<div class=\"elementor-container elementor-column-gap-default\">\n\t\t\t\t\t\t\t<div class=\"elementor-row\">\n\t\t\t\t\t<div class=\"elementor-column elementor-col-100 elementor-top-column elementor-element elementor-element-73c82ca\" data-id=\"73c82ca\" data-element_type=\"column\">\n\t\t\t<div class=\"elementor-column-wrap elementor-element-populated\">\n\t\t\t\t\t\t\t<div class=\"elementor-widget-wrap\">\n\t\t\t\t\t\t<div class=\"elementor-element elementor-element-c8e8ca9 elementor-widget elementor-widget-heading\" data-id=\"c8e8ca9\" data-element_type=\"widget\" data-widget_type=\"heading.default\">\n\t\t\t\t<div class=\"elementor-widget-container\">\n\t\t\t<h2 class=\"elementor-heading-title elementor-size-default\">WAITING LIST SUMMER\/AUTUMN 2027<\/h2>\t\t<\/div>\n\t\t\t\t<\/div>\n\t\t\t\t<div class=\"elementor-element elementor-element-3a43136 elementor-widget elementor-widget-text-editor\" data-id=\"3a43136\" data-element_type=\"widget\" data-widget_type=\"text-editor.default\">\n\t\t\t\t<div class=\"elementor-widget-container\">\n\t\t\t\t\t\t\t\t<div class=\"elementor-text-editor elementor-clearfix\">\n\t\t\t\t\t\t\t\t\t<\/div>\n\t\t\t\t\t\t<\/div>\n\t\t\t\t<\/div>\n\t\t\t\t\t\t<\/div>\n\t\t\t\t\t<\/div>\n\t\t<\/div>\n\t\t\t\t\t\t\t\t<\/div>\n\t\t\t\t\t<\/div>\n\t\t<\/section>\n\t\t\t\t<section class=\"elementor-section elementor-top-section elementor-element elementor-element-8032ba7 elementor-section-boxed elementor-section-height-default elementor-section-height-default\" data-id=\"8032ba7\" data-element_type=\"section\">\n\t\t\t\t\t\t<div class=\"elementor-container elementor-column-gap-default\">\n\t\t\t\t\t\t\t<div class=\"elementor-row\">\n\t\t\t\t\t<div class=\"elementor-column elementor-col-100 elementor-top-column elementor-element elementor-element-bcc639b\" data-id=\"bcc639b\" data-element_type=\"column\">\n\t\t\t<div class=\"elementor-column-wrap elementor-element-populated\">\n\t\t\t\t\t\t\t<div class=\"elementor-widget-wrap\">\n\t\t\t\t\t\t<div class=\"elementor-element elementor-element-fe7f30d elementor-widget elementor-widget-text-editor\" data-id=\"fe7f30d\" data-element_type=\"widget\" data-widget_type=\"text-editor.default\">\n\t\t\t\t<div class=\"elementor-widget-container\">\n\t\t\t\t\t\t\t\t<div class=\"elementor-text-editor elementor-clearfix\">\n\t\t\t\t<p>Ich bin auf Baby-Pause \u2764\ufe0f Ab Sommer 27 arbeite ich wieder und habe daf\u00fcr eine Warteliste. Du kannst daf\u00fcr das Formular unterhalb verwenden oder eine E-Mail mit deinem Namen, E-Mail und falls du sie schon hast deine Tattoo-Idee und Inspirationsbilder an&nbsp;<a href=\"mailto:wl@smasli.com\" style=\"background-color: rgb(255, 255, 255);\">wl@smasli.com<\/a>&nbsp;schicken. Sobald ich wieder zum arbeiten beginne werde ich dich dann per Mail kontaktieren! Ich freu mich schon auf dich und deine Ideen!&nbsp;<\/p>\n<p>I&#8217;m on maternity leave \u2764\ufe0f&nbsp;As off summer 27 I&#8217;ll work again and for that I&#8217;ve created a waiting list. Please use the form below or send me an a Mail with you Name, E-Mail and possible already your Design Idea, Inspiration Images to <a href=\"mailto:wl@smasli.com\" style=\"background-color: rgb(255, 255, 255);\">wl@smasli.com<\/a>. The moment I&#8217;ll work again you&#8217;ll get a mail from me! I&#8217;m looking forward to your lovely project!&nbsp;<\/p>\n<p><\/p>\n<p><br><\/p>\t\t\t\t\t<\/div>\n\t\t\t\t\t\t<\/div>\n\t\t\t\t<\/div>\n\t\t\t\t\t\t<\/div>\n\t\t\t\t\t<\/div>\n\t\t<\/div>\n\t\t\t\t\t\t\t\t<\/div>\n\t\t\t\t\t<\/div>\n\t\t<\/section>\n\t\t\t\t<section class=\"elementor-section elementor-top-section elementor-element elementor-element-629d1d0 elementor-section-boxed elementor-section-height-default elementor-section-height-default\" data-id=\"629d1d0\" data-element_type=\"section\">\n\t\t\t\t\t\t<div class=\"elementor-container elementor-column-gap-default\">\n\t\t\t\t\t\t\t<div class=\"elementor-row\">\n\t\t\t\t\t<div class=\"elementor-column elementor-col-100 elementor-top-column elementor-element elementor-element-03ee04a\" data-id=\"03ee04a\" data-element_type=\"column\">\n\t\t\t<div class=\"elementor-column-wrap elementor-element-populated\">\n\t\t\t\t\t\t\t<div class=\"elementor-widget-wrap\">\n\t\t\t\t\t\t<div class=\"elementor-element elementor-element-f22b6f9 elementor-widget elementor-widget-text-editor\" data-id=\"f22b6f9\" data-element_type=\"widget\" data-widget_type=\"text-editor.default\">\n\t\t\t\t<div class=\"elementor-widget-container\">\n\t\t\t\t\t\t\t\t<div class=\"elementor-text-editor elementor-clearfix\">\n\t\t\t\t<div class=\"forminator-ui forminator-custom-form forminator-custom-form-16857 forminator-design--default  forminator_ajax\" data-forminator-render=\"0\" data-form=\"forminator-module-16857\" data-uid=\"69fde3aa20ef6\"><br\/><\/div><form\n\t\t\t\tid=\"forminator-module-16857\"\n\t\t\t\tclass=\"forminator-ui forminator-custom-form forminator-custom-form-16857 forminator-design--default  forminator_ajax\"\n\t\t\t\tmethod=\"post\"\n\t\t\t\tdata-forminator-render=\"0\"\n\t\t\t\tdata-form-id=\"16857\"\n\t\t\t\t\n\t\t\t\tdata-design=\"default\"\n\t\t\t\t\n\t\t\t\t\n\t\t\t\t\n\t\t\t\tdata-grid=\"open\"\n\t\t\t\tenctype=\"multipart\/form-data\"\n\t\t\t\t\n\t\t\t\tstyle=\"display: none;\"\n\t\t\t\t\n\t\t\t\tdata-uid=\"69fde3aa20ef6\"\n\t\t\t><div class=\"forminator-response-message forminator-error\" aria-hidden=\"true\"><\/div><div class=\"forminator-row\"><div id=\"name-1\" class=\"forminator-col forminator-col-12 \"><div class=\"forminator-field\"><label for=\"forminator-field-name-1_69fde3aa20ef6\" class=\"forminator-label\">Vor- &amp; Zuname | full name <span class=\"forminator-required\">*<\/span><\/label><input type=\"text\" name=\"name-1\" value=\"\" placeholder=\"\" id=\"forminator-field-name-1_69fde3aa20ef6\" class=\"forminator-input forminator-name--field\" aria-required=\"true\" \/><\/div><\/div><\/div><div class=\"forminator-row\"><div id=\"email-1\" class=\"forminator-col forminator-col-6 \"><div class=\"forminator-field\"><label for=\"forminator-field-email-1_69fde3aa20ef6\" class=\"forminator-label\">E-Mail <span class=\"forminator-required\">*<\/span><\/label><input type=\"email\" name=\"email-1\" value=\"\" placeholder=\"\" id=\"forminator-field-email-1_69fde3aa20ef6\" class=\"forminator-input forminator-email--field\" data-required=\"1\" aria-required=\"true\" \/><\/div><\/div><div id=\"phone-1\" class=\"forminator-col forminator-col-6 \"><div class=\"forminator-field\"><label for=\"forminator-field-phone-1_69fde3aa20ef6\" class=\"forminator-label\">Telefon Nummer | phone number<\/label><input type=\"text\" name=\"phone-1\" value=\"\" placeholder=\"z.\u00a0B.: +49 123 4567 89\" id=\"forminator-field-phone-1_69fde3aa20ef6\" class=\"forminator-input forminator-field--phone\" data-required=\"\" aria-required=\"false\" autocomplete=\"off\" \/><\/div><\/div><\/div><div class=\"forminator-row\"><div id=\"textarea-1\" class=\"forminator-col forminator-col-12 \"><div class=\"forminator-field\"><label for=\"forminator-field-textarea-1_69fde3aa20ef6\" class=\"forminator-label\">Motivbeschreibung | The Idea<\/label><textarea name=\"textarea-1\" placeholder=\"z.\u00a0B. peonies on the hip with leaves\" id=\"forminator-field-textarea-1_69fde3aa20ef6\" class=\"forminator-textarea\" rows=\"6\" style=\"min-height:140px;\" aria-describedby=\"forminator-field-textarea-1_69fde3aa20ef6-description\" ><\/textarea><span id=\"forminator-field-textarea-1_69fde3aa20ef6-description\" class=\"forminator-description\">Wenn du mehr als ein Tattoo m\u00f6chtest bitte hier auch anf\u00fchren | If you want more than one tattoo please also list here<\/span><\/div><\/div><\/div><div class=\"forminator-row\"><div id=\"text-1\" class=\"forminator-col forminator-col-6 \"><div class=\"forminator-field\"><label for=\"forminator-field-text-1_69fde3aa20ef6\" class=\"forminator-label\">Platzierung | placement<\/label><input type=\"text\" name=\"text-1\" value=\"\" placeholder=\"right hip\" id=\"forminator-field-text-1_69fde3aa20ef6\" class=\"forminator-input forminator-name--field\" data-required=\"\" \/><\/div><\/div><div id=\"text-2\" class=\"forminator-col forminator-col-6 \"><div class=\"forminator-field\"><label for=\"forminator-field-text-2_69fde3aa20ef6\" class=\"forminator-label\">ungef\u00e4hre Gr\u00f6\u00dfe | approximate size<\/label><input type=\"text\" name=\"text-2\" value=\"\" placeholder=\"cm\" id=\"forminator-field-text-2_69fde3aa20ef6\" class=\"forminator-input forminator-name--field\" data-required=\"\" \/><\/div><\/div><\/div><div class=\"forminator-row\"><div id=\"upload-2\" class=\"forminator-col forminator-col-12 \"><div class=\"forminator-field\"><label for=\"forminator-field-upload-2_69fde3aa20ef6\" class=\"forminator-label\">Refenzbilder | pictures of references<\/label><div class=\"forminator-multi-upload \" data-element=\"upload-2_69fde3aa20ef6\" aria-describedby=\"forminator-field-upload-2_69fde3aa20ef6-description\"><input type=\"file\" name=\"upload-2[]\" id=\"forminator-field-upload-2_69fde3aa20ef6\" class=\"forminator-input-file forminator-field-upload-2_69fde3aa20ef6-16857\" multiple=\"multiple\" data-method=\"ajax\" data-size=\"8000000\" data-size-message=\"Maximum file size allowed is 8 MB. \"><div class=\"forminator-multi-upload-message\" aria-hidden=\"true\"><span class=\"forminator-icon-upload\" aria-hidden=\"true\"><\/span><p>Drag and Drop (or) <a class=\"forminator-upload-file--forminator-field-upload-2_69fde3aa20ef6\" href=\"javascript:void(0)\">Choose Files<\/a><\/p><\/div><\/div><ul class=\"forminator-uploaded-files upload-container-upload-2_69fde3aa20ef6\"><\/ul><\/div><\/div><\/div><div class=\"forminator-row\"><div id=\"upload-1\" class=\"forminator-col forminator-col-12 \"><div class=\"forminator-field\"><label for=\"forminator-field-upload-1_69fde3aa20ef6\" class=\"forminator-label\">Selfie mit eingezeichneter Platzierung | selfie where you mark the placement<\/label><div class=\"forminator-file-upload \" data-element=\"upload-1_69fde3aa20ef6\" aria-describedby=\"forminator-field-upload-1_69fde3aa20ef6-description\"><input type=\"file\" name=\"upload-1\" id=\"forminator-field-upload-1_69fde3aa20ef6\" class=\"forminator-input-file\" accept=\".jpg,.jpeg,.jpe,.gif,.png,.bmp,.tiff,.tif,.webp,.ico,.heic,.asf,.asx,.wmv,.wmx,.wm,.avi,.divx,.flv,.mov,.qt,.mpeg,.mpg,.mpe,.mp4,.m4v,.ogv,.webm,.mkv,.3gp,.3gpp,.3g2,.3gp2,.txt,.asc,.c,.cc,.h,.srt,.csv,.tsv,.ics,.rtx,.css,.htm,.html,.vtt,.dfxp,.mp3,.m4a,.m4b,.aac,.ra,.ram,.wav,.ogg,.oga,.flac,.mid,.midi,.wma,.wax,.mka,.rtf,.js,.pdf,.class,.tar,.zip,.gz,.gzip,.rar,.7z,.psd,.xcf,.doc,.pot,.pps,.ppt,.wri,.xla,.xls,.xlt,.xlw,.mdb,.mpp,.docx,.docm,.dotx,.dotm,.xlsx,.xlsm,.xlsb,.xltx,.xltm,.xlam,.pptx,.pptm,.ppsx,.ppsm,.potx,.potm,.ppam,.sldx,.sldm,.onetoc,.onetoc2,.onetmp,.onepkg,.oxps,.xps,.odt,.odp,.ods,.odg,.odc,.odb,.odf,.wp,.wpd,.key,.numbers,.pages,.woff,.woff2,.ttf,.svg,.eot,.otf\"><button id=\"forminator-field-upload-1_69fde3aa20ef6_button\" class=\"forminator-button forminator-button-upload\" data-id=\"forminator-field-upload-1_69fde3aa20ef6\">Choose File<\/button><span data-empty-text=\"No file chosen\">No file chosen<\/span><button class=\"forminator-button-delete\" style=\"display: none;\"><i class=\"forminator-icon-close\" aria-hidden=\"true\"><\/i><span class=\"forminator-screen-reader-only\">Delete uploaded file<\/span><\/button><\/div><\/div><\/div><\/div><div class=\"forminator-row\"><div id=\"checkbox-2\" class=\"forminator-col forminator-col-6 \"><div role=\"group\" class=\"forminator-field required\" aria-labelledby=\"forminator-checkbox-group-69fde3aa20ef6-label\"><h4 id=\"forminator-checkbox-group-69fde3aa20ef6-label\" class=\"forminator-label\">du bist vollj\u00e4hrig | you are of legal age <span class=\"forminator-required\">*<\/span><\/h4><label for=\"forminator-field-checkbox-2-1-69fde3aa20ef6\" class=\"forminator-checkbox\" title=\"JA | YES\"><input type=\"checkbox\" name=\"checkbox-2[]\" value=\"one\" id=\"forminator-field-checkbox-2-1-69fde3aa20ef6\" data-calculation=\"0\"   data-hidden-behavior=\"zero\" aria-describedby=\"forminator-field-checkbox-2-69fde3aa20ef6-description\"\/><span class=\"forminator-checkbox-box\" aria-hidden=\"true\"><\/span><span class=\"forminator-checkbox-label\">JA | YES<\/span><\/label><\/div><\/div><div id=\"checkbox-1\" class=\"forminator-col forminator-col-6 \"><div role=\"group\" class=\"forminator-field\" aria-labelledby=\"forminator-checkbox-group-69fde3aa20ef6-label\"><h4 id=\"forminator-checkbox-group-69fde3aa20ef6-label\" class=\"forminator-label\">hast du schon ein tattoo von mir | have i tattooed you before<\/h4><label for=\"forminator-field-checkbox-1-1-69fde3aa20ef6\" class=\"forminator-checkbox\" title=\"JA | YES\"><input type=\"checkbox\" name=\"checkbox-1[]\" value=\"one\" id=\"forminator-field-checkbox-1-1-69fde3aa20ef6\" data-calculation=\"0\"   data-hidden-behavior=\"zero\" aria-describedby=\"forminator-field-checkbox-1-69fde3aa20ef6-description\"\/><span class=\"forminator-checkbox-box\" aria-hidden=\"true\"><\/span><span class=\"forminator-checkbox-label\">JA | YES<\/span><\/label><label for=\"forminator-field-checkbox-1-2-69fde3aa20ef6\" class=\"forminator-checkbox\" title=\"NEIN | NO\"><input type=\"checkbox\" name=\"checkbox-1[]\" value=\"two\" id=\"forminator-field-checkbox-1-2-69fde3aa20ef6\" data-calculation=\"0\"   data-hidden-behavior=\"zero\" aria-describedby=\"forminator-field-checkbox-1-69fde3aa20ef6-description\"\/><span class=\"forminator-checkbox-box\" aria-hidden=\"true\"><\/span><span class=\"forminator-checkbox-label\">NEIN | NO<\/span><\/label><\/div><\/div><\/div><input type=\"hidden\" name=\"referer_url\" value=\"\" \/><div class=\"forminator-row forminator-row-last\"><div class=\"forminator-col\"><div class=\"forminator-field\"><button class=\"forminator-button forminator-button-submit\">Nachricht senden<\/button><\/div><\/div><\/div><input type=\"hidden\" id=\"forminator_nonce\" name=\"forminator_nonce\" value=\"442227e326\" \/><input type=\"hidden\" name=\"_wp_http_referer\" value=\"\/en\/wp-json\/wp\/v2\/pages\/16177\" \/><input type=\"hidden\" name=\"form_id\" value=\"16857\"><input type=\"hidden\" name=\"page_id\" value=\"16177\"><input type=\"hidden\" name=\"form_type\" value=\"default\"><input type=\"hidden\" name=\"current_url\" value=\"https:\/\/smasli.com\/en\/booking\/\"><input type=\"hidden\" name=\"render_id\" value=\"0\"><input type=\"hidden\" name=\"forminator-multifile-hidden\" class=\"forminator-multifile-hidden\"><input type=\"hidden\" name=\"action\" value=\"forminator_submit_form_custom-forms\"><\/form>\t\t\t\t\t<\/div>\n\t\t\t\t\t\t<\/div>\n\t\t\t\t<\/div>\n\t\t\t\t\t\t<\/div>\n\t\t\t\t\t<\/div>\n\t\t<\/div>\n\t\t\t\t\t\t\t\t<\/div>\n\t\t\t\t\t<\/div>\n\t\t<\/section>\n\t\t\t\t\t\t\t\t\t<\/div>\n\t\t\t<\/div>\n\t\t\t\t\t<\/div>\n\t\t","protected":false},"excerpt":{"rendered":"<p>WAITING LIST SUMMER\/AUTUMN 2027 Ich bin auf Baby-Pause \u2764\ufe0f Ab&hellip;<\/p>\n<p> <a class=\"more-link\" href=\"https:\/\/smasli.com\/en\/booking\/\">Read more<\/a><\/p>\n","protected":false},"author":1,"featured_media":0,"parent":0,"menu_order":0,"comment_status":"closed","ping_status":"closed","template":"","meta":{"_monsterinsights_skip_tracking":false,"_monsterinsights_sitenote_active":false,"_monsterinsights_sitenote_note":"","_monsterinsights_sitenote_category":0},"translation":{"provider":"WPGlobus","version":"2.10.0","language":"en","enabled_languages":["de","en"],"languages":{"de":{"title":true,"content":true,"excerpt":false},"en":{"title":false,"content":false,"excerpt":false}}},"yoast_head":"<!-- This site is optimized with the Yoast SEO plugin v19.2 - https:\/\/yoast.com\/wordpress\/plugins\/seo\/ -->\n<title>Booking - smasli ink<\/title>\n<meta name=\"robots\" content=\"noindex, nofollow\" \/>\n<meta property=\"og:locale\" content=\"en_US\" \/>\n<meta property=\"og:type\" content=\"article\" \/>\n<meta property=\"og:title\" content=\"Booking - smasli ink\" \/>\n<meta property=\"og:url\" content=\"https:\/\/smasli.com\/booking\/\" \/>\n<meta property=\"og:site_name\" content=\"smasli ink\" \/>\n<meta property=\"article:modified_time\" content=\"2026-03-19T12:17:55+00:00\" \/>\n<meta name=\"author\" content=\"Maria Eisl\" \/>\n<meta name=\"twitter:card\" content=\"summary_large_image\" \/>\n<meta name=\"twitter:label1\" content=\"Est. reading time\" \/>\n\t<meta name=\"twitter:data1\" content=\"3 minutes\" \/>\n<script type=\"application\/ld+json\" class=\"yoast-schema-graph\">{\"@context\":\"https:\/\/schema.org\",\"@graph\":[{\"@type\":\"WebSite\",\"@id\":\"https:\/\/smasli.com\/#website\",\"url\":\"https:\/\/smasli.com\/\",\"name\":\"smasli ink\",\"description\":\"tattoo studio salzburg\",\"potentialAction\":[{\"@type\":\"SearchAction\",\"target\":{\"@type\":\"EntryPoint\",\"urlTemplate\":\"https:\/\/smasli.com\/?s={search_term_string}\"},\"query-input\":\"required name=search_term_string\"}],\"inLanguage\":\"en-US\"},{\"@type\":\"WebPage\",\"@id\":\"https:\/\/smasli.com\/booking\/#webpage\",\"url\":\"https:\/\/smasli.com\/booking\/\",\"name\":\"Booking - smasli ink\",\"isPartOf\":{\"@id\":\"https:\/\/smasli.com\/#website\"},\"datePublished\":\"2022-07-08T08:49:44+00:00\",\"dateModified\":\"2026-03-19T12:17:55+00:00\",\"breadcrumb\":{\"@id\":\"https:\/\/smasli.com\/booking\/#breadcrumb\"},\"inLanguage\":\"en-US\",\"potentialAction\":[{\"@type\":\"ReadAction\",\"target\":[\"https:\/\/smasli.com\/booking\/\"]}]},{\"@type\":\"BreadcrumbList\",\"@id\":\"https:\/\/smasli.com\/booking\/#breadcrumb\",\"itemListElement\":[{\"@type\":\"ListItem\",\"position\":1,\"name\":\"Startseite\",\"item\":\"https:\/\/smasli.com\/\"},{\"@type\":\"ListItem\",\"position\":2,\"name\":\"Booking\"}]}]}<\/script>\n<!-- \/ Yoast SEO plugin. -->","yoast_head_json":{"title":"Booking - smasli ink","robots":{"index":"noindex","follow":"nofollow"},"og_locale":"en_US","og_type":"article","og_title":"Booking - smasli ink","og_url":"https:\/\/smasli.com\/booking\/","og_site_name":"smasli ink","article_modified_time":"2026-03-19T12:17:55+00:00","author":"Maria Eisl","twitter_card":"summary_large_image","twitter_misc":{"Est. reading time":"3 minutes"},"schema":{"@context":"https:\/\/schema.org","@graph":[{"@type":"WebSite","@id":"https:\/\/smasli.com\/#website","url":"https:\/\/smasli.com\/","name":"smasli ink","description":"tattoo studio salzburg","potentialAction":[{"@type":"SearchAction","target":{"@type":"EntryPoint","urlTemplate":"https:\/\/smasli.com\/?s={search_term_string}"},"query-input":"required name=search_term_string"}],"inLanguage":"en-US"},{"@type":"WebPage","@id":"https:\/\/smasli.com\/booking\/#webpage","url":"https:\/\/smasli.com\/booking\/","name":"Booking - smasli ink","isPartOf":{"@id":"https:\/\/smasli.com\/#website"},"datePublished":"2022-07-08T08:49:44+00:00","dateModified":"2026-03-19T12:17:55+00:00","breadcrumb":{"@id":"https:\/\/smasli.com\/booking\/#breadcrumb"},"inLanguage":"en-US","potentialAction":[{"@type":"ReadAction","target":["https:\/\/smasli.com\/booking\/"]}]},{"@type":"BreadcrumbList","@id":"https:\/\/smasli.com\/booking\/#breadcrumb","itemListElement":[{"@type":"ListItem","position":1,"name":"Startseite","item":"https:\/\/smasli.com\/"},{"@type":"ListItem","position":2,"name":"Booking"}]}]}},"_links":{"self":[{"href":"https:\/\/smasli.com\/en\/wp-json\/wp\/v2\/pages\/16177"}],"collection":[{"href":"https:\/\/smasli.com\/en\/wp-json\/wp\/v2\/pages"}],"about":[{"href":"https:\/\/smasli.com\/en\/wp-json\/wp\/v2\/types\/page"}],"author":[{"embeddable":true,"href":"https:\/\/smasli.com\/en\/wp-json\/wp\/v2\/users\/1"}],"replies":[{"embeddable":true,"href":"https:\/\/smasli.com\/en\/wp-json\/wp\/v2\/comments?post=16177"}],"version-history":[{"count":60,"href":"https:\/\/smasli.com\/en\/wp-json\/wp\/v2\/pages\/16177\/revisions"}],"predecessor-version":[{"id":16928,"href":"https:\/\/smasli.com\/en\/wp-json\/wp\/v2\/pages\/16177\/revisions\/16928"}],"wp:attachment":[{"href":"https:\/\/smasli.com\/en\/wp-json\/wp\/v2\/media?parent=16177"}],"curies":[{"name":"wp","href":"https:\/\/api.w.org\/{rel}","templated":true}]}}